{"id":945,"date":"2022-09-16T12:54:26","date_gmt":"2022-09-16T10:54:26","guid":{"rendered":"https:\/\/novaweb.cel-obert.org\/?page_id=945"},"modified":"2023-02-02T12:28:23","modified_gmt":"2023-02-02T10:28:23","slug":"avis-legal","status":"publish","type":"page","link":"https:\/\/www.cel-obert.org\/es\/avis-legal\/","title":{"rendered":"Aviso legal"},"content":{"rendered":"<div data-elementor-type=\"wp-page\" data-elementor-id=\"945\" class=\"elementor elementor-945\">\n\t\t\t\t\t\t\t\t\t<section class=\"elementor-section elementor-top-section elementor-element elementor-element-200a35d8 elementor-section-boxed elementor-section-height-default elementor-section-height-default\" data-id=\"200a35d8\" data-element_type=\"section\">\n\t\t\t\t\t\t<div class=\"elementor-container elementor-column-gap-default\">\n\t\t\t\t\t<div class=\"elementor-column elementor-col-100 elementor-top-column elementor-element elementor-element-581969aa\" data-id=\"581969aa\" data-element_type=\"column\">\n\t\t\t<div class=\"elementor-widget-wrap elementor-element-populated\">\n\t\t\t\t\t\t\t\t<div class=\"elementor-element elementor-element-7304d39e elementor-widget elementor-widget-text-editor\" data-id=\"7304d39e\" data-element_type=\"widget\" data-widget_type=\"text-editor.default\">\n\t\t\t\t<div class=\"elementor-widget-container\">\n\t\t\t<style>\/*! elementor - v3.11.1 - 15-02-2023 *\/\n.elementor-widget-text-editor.elementor-drop-cap-view-stacked .elementor-drop-cap{background-color:#818a91;color:#fff}.elementor-widget-text-editor.elementor-drop-cap-view-framed .elementor-drop-cap{color:#818a91;border:3px solid;background-color:transparent}.elementor-widget-text-editor:not(.elementor-drop-cap-view-default) .elementor-drop-cap{margin-top:8px}.elementor-widget-text-editor:not(.elementor-drop-cap-view-default) .elementor-drop-cap-letter{width:1em;height:1em}.elementor-widget-text-editor .elementor-drop-cap{float:left;text-align:center;line-height:1;font-size:50px}.elementor-widget-text-editor .elementor-drop-cap-letter{display:inline-block}<\/style>\t\t\t\t<p><!-- wp:themeisle-blocks\/advanced-columns {\"id\":\"wp-block-themeisle-blocks-advanced-columns-81088f47\",\"columns\":1,\"layout\":\"equal\"} --><\/p>\n<div id=\"wp-block-themeisle-blocks-advanced-columns-81088f47\" class=\"wp-block-themeisle-blocks-advanced-columns has-1-columns has-desktop-equal-layout has-tablet-equal-layout has-mobile-equal-layout has-vertical-unset\">\n<div class=\"innerblocks-wrap\">\n<div id=\"wp-block-themeisle-blocks-advanced-column-1204ab99\" class=\"wp-block-themeisle-blocks-advanced-column\">\n<ol>\n<li style=\"text-align: left;\"><strong><u>INFORMACI\u00d3N CORPORATIVA<\/u><\/strong><\/li>\n<\/ol>\n<p>En cumplimiento de la Ley 34\/2002, de 11 de julio, de servicios de la sociedad de la informaci\u00f3n y de comercio electr\u00f3nico, <strong>ASSOCIACI\u00d3N D'AJUDA SOCIAL CEL OBERT, <\/strong>en adelante,<strong> CEL OBERT<\/strong> le informa que es titular de los sitios web: <a href=\"https:\/\/www.cel-obert.org\/es\/\"><strong>https:\/\/www.cel-obert.org<\/strong><\/a><strong>. <\/strong>De acuerdo con la exigencia del art\u00edculo 10 de la mencionada Ley, notifica los siguientes datos: NIF\/CIF: <strong>G62723259 <\/strong>Registro de Asociaciones de la Generalitat de Catalu\u00f1a con el n.\u00ba 25409 y Registro de Entidades, Servicios y Establecimientos Sociales con los n\u00fameros S06240 y E04008, y domicilio social: <strong>AVDA. MERIDIANA, 354, 11A - 08027<\/strong> <strong>BARCELONA<\/strong>, <strong>BARCELONA<\/strong>. La direcci\u00f3n de correo electr\u00f3nico de contacto con la empresa es: <a href=\"mailto:celobert@cel-obert.org\"><strong>celobert@cel-obert.org<\/strong><\/a><strong>.<\/strong> \u00a0\u00a0<\/p>\n<ol start=\"2\">\n<li style=\"text-align: left;\"><strong><u>USUARIO Y R\u00c9GIMEN DE RESPONSABILIDADES<\/u><\/strong><\/li>\n<\/ol>\n<p>La navegaci\u00f3n por acceso o uso de la p\u00e1gina web y todos los subdominios y directorios incluidos bajo el mismo dominio, as\u00ed como los servicios o contenidos que a trav\u00e9s de \u00e9l se puedan obtener y todos los portales de dominio propio bajo titularidad de <strong>CEL OBERT<\/strong>, otorga la Condici\u00f3n de Usuario, por la que se aceptan, al navegar por la p\u00e1gina web de <strong>CEL OBERT<\/strong>, todas las condiciones de uso que se establecen sin perjudicar la aplicaci\u00f3n de la correspondiente normativa de obligado cumplimiento legal seg\u00fan el caso.\u00a0\u00a0\u00a0\u00a0\u00a0\u00a0\u00a0\u00a0<\/p>\n<p>Por eso, si las consideraciones detalladas en este aviso legal no son de su conformidad, rogamos no haga uso del portal, ya que cualquier uso que haga del mismo o los servicios y contenidos en \u00e9l incluidos implicar\u00e1 la aceptaci\u00f3n de los t\u00e9rminos legales recogidos en este texto.<\/p>\n<p>La p\u00e1gina web de <strong>CEL OBERT<\/strong> proporciona gran diversidad de informaci\u00f3n, servicios y datos. El usuario asume su responsabilidad en el uso correcto de los sitios web. Esta responsabilidad se extender\u00e1 a: La veracidad y licitud de las informaciones aportadas por el usuario en los formularios de registro y contacto de <strong>CEL OBERT<\/strong>, para acceder a determinados contenidos o servicios ofrecidos por la web.<\/p>\n<p>El uso de la informaci\u00f3n, servicios y datos ofrecidos por, <strong>CEL OBERT<\/strong> no ir\u00e1n contra las disposiciones de estas cl\u00e1usulas, la Ley, la moral, las buenas costumbres o el orden p\u00fablico que puedan suponer lesi\u00f3n de los derechos de terceros o del funcionamiento de los sitios web. A tal efecto, el Usuario se abstendr\u00e1 de utilizar cualquiera de los contenidos con fines il\u00edcitos y  prohibidos en este texto, lesivos de los derechos e intereses de terceros, o que de cualquier forma puedan da\u00f1ar, inutilizar, sobrecargar, deteriorar o impedir la normal utilizaci\u00f3n de los contenidos, de otros Usuarios o de cualquier usuario de Internet (hardware y software).<\/p>\n<p><span style=\"letter-spacing: var(--bodyletterspacing); text-transform: var(--bodytexttransform);\">Los usuarios responder\u00e1n de los da\u00f1os y perjuicios de toda naturaleza que la entidad propietaria de la web pueda sufrir, directa o indirectamente, como consecuencia de incumplimiento de cualquiera de las obligaciones derivadas del uso de la Web y de esta pol\u00edtica de privacidad.<\/span><\/p>\n<p>En particular, y a t\u00edtulo meramente indicativo y no exhaustivo, el Usuario se compromete a no transmitir, difundir o poner a disposici\u00f3n de terceros informaciones, datos, contenidos, mensajes, gr\u00e1ficos, dibujos, archivos de sonido y\/o imagen, fotograf\u00edas de esta web.<\/p>\n<p class=\"MsoNormal\" style=\"margin-bottom: 0cm; text-indent: -36pt; border: none;\">\u00a0<\/p>\n<p><!-- \/wp:paragraph --><\/p>\n<\/div>\n<p><!-- \/wp:themeisle-blocks\/advanced-column --><\/p>\n<\/div>\n<\/div>\n<p><!-- \/wp:themeisle-blocks\/advanced-columns --><\/p>\t\t\t\t\t\t<\/div>\n\t\t\t\t<\/div>\n\t\t\t\t\t<\/div>\n\t\t<\/div>\n\t\t\t\t\t\t\t<\/div>\n\t\t<\/section>\n\t\t\t\t\t\t\t<\/div>","protected":false},"excerpt":{"rendered":"","protected":false},"author":1,"featured_media":0,"parent":0,"menu_order":0,"comment_status":"closed","ping_status":"closed","template":"","meta":{"neve_meta_sidebar":"","neve_meta_container":"","neve_meta_enable_content_width":"","neve_meta_content_width":0,"neve_meta_title_alignment":"","neve_meta_author_avatar":"","neve_post_elements_order":"","neve_meta_disable_header":"","neve_meta_disable_footer":"","neve_meta_disable_title":"","_themeisle_gutenberg_block_has_review":false,"_ti_tpc_template_sync":false,"_ti_tpc_template_id":""},"yoast_head":"<!-- This site is optimized with the Yoast SEO plugin v20.1 - https:\/\/yoast.com\/wordpress\/plugins\/seo\/ -->\n<title>Av\u00eds legal - Cel Obert<\/title>\n<meta name=\"robots\" content=\"index, follow, max-snippet:-1, max-image-preview:large, max-video-preview:-1\" \/>\n<link rel=\"canonical\" href=\"https:\/\/www.cel-obert.org\/es\/avis-legal\/\" \/>\n<meta property=\"og:locale\" content=\"es_ES\" \/>\n<meta property=\"og:type\" content=\"article\" \/>\n<meta property=\"og:title\" content=\"Av\u00eds legal - Cel Obert\" \/>\n<meta property=\"og:url\" content=\"https:\/\/www.cel-obert.org\/es\/avis-legal\/\" \/>\n<meta property=\"og:site_name\" content=\"Cel Obert\" \/>\n<meta property=\"article:modified_time\" content=\"2023-02-02T10:28:23+00:00\" \/>\n<meta name=\"twitter:card\" content=\"summary_large_image\" \/>\n<meta name=\"twitter:label1\" content=\"Tiempo de lectura\" \/>\n\t<meta name=\"twitter:data1\" content=\"3 minutos\" \/>\n<script type=\"application\/ld+json\" class=\"yoast-schema-graph\">{\"@context\":\"https:\/\/schema.org\",\"@graph\":[{\"@type\":\"WebPage\",\"@id\":\"https:\/\/www.cel-obert.org\/avis-legal\/\",\"url\":\"https:\/\/www.cel-obert.org\/avis-legal\/\",\"name\":\"Av\u00eds legal - Cel Obert\",\"isPartOf\":{\"@id\":\"https:\/\/www.cel-obert.org\/#website\"},\"datePublished\":\"2022-09-16T10:54:26+00:00\",\"dateModified\":\"2023-02-02T10:28:23+00:00\",\"inLanguage\":\"es\",\"potentialAction\":[{\"@type\":\"ReadAction\",\"target\":[\"https:\/\/www.cel-obert.org\/avis-legal\/\"]}]},{\"@type\":\"WebSite\",\"@id\":\"https:\/\/www.cel-obert.org\/#website\",\"url\":\"https:\/\/www.cel-obert.org\/\",\"name\":\"Cel Obert\",\"description\":\"Associaci\u00f3 d&#039;Ajuda Social dedicada al Acolliment Familiar\",\"publisher\":{\"@id\":\"https:\/\/www.cel-obert.org\/#organization\"},\"potentialAction\":[{\"@type\":\"SearchAction\",\"target\":{\"@type\":\"EntryPoint\",\"urlTemplate\":\"https:\/\/www.cel-obert.org\/?s={search_term_string}\"},\"query-input\":\"required name=search_term_string\"}],\"inLanguage\":\"es\"},{\"@type\":\"Organization\",\"@id\":\"https:\/\/www.cel-obert.org\/#organization\",\"name\":\"Cel Obert - Associaci\u00f3 d'Ajuda Social\",\"url\":\"https:\/\/www.cel-obert.org\/\",\"logo\":{\"@type\":\"ImageObject\",\"inLanguage\":\"es\",\"@id\":\"https:\/\/www.cel-obert.org\/#\/schema\/logo\/image\/\",\"url\":\"https:\/\/www.cel-obert.org\/wp-content\/uploads\/2022\/11\/cropped-cropped-Logo_CelObert_358e9d-1.png\",\"contentUrl\":\"https:\/\/www.cel-obert.org\/wp-content\/uploads\/2022\/11\/cropped-cropped-Logo_CelObert_358e9d-1.png\",\"width\":200,\"height\":88,\"caption\":\"Cel Obert - Associaci\u00f3 d'Ajuda Social\"},\"image\":{\"@id\":\"https:\/\/www.cel-obert.org\/#\/schema\/logo\/image\/\"},\"sameAs\":[\"https:\/\/www.instagram.com\/celobert.barcelona\/\"]}]}<\/script>\n<!-- \/ Yoast SEO plugin. -->","yoast_head_json":{"title":"Av\u00eds legal - Cel Obert","robots":{"index":"index","follow":"follow","max-snippet":"max-snippet:-1","max-image-preview":"max-image-preview:large","max-video-preview":"max-video-preview:-1"},"canonical":"https:\/\/www.cel-obert.org\/es\/avis-legal\/","og_locale":"es_ES","og_type":"article","og_title":"Av\u00eds legal - Cel Obert","og_url":"https:\/\/www.cel-obert.org\/es\/avis-legal\/","og_site_name":"Cel Obert","article_modified_time":"2023-02-02T10:28:23+00:00","twitter_card":"summary_large_image","twitter_misc":{"Tiempo de lectura":"3 minutos"},"schema":{"@context":"https:\/\/schema.org","@graph":[{"@type":"WebPage","@id":"https:\/\/www.cel-obert.org\/avis-legal\/","url":"https:\/\/www.cel-obert.org\/avis-legal\/","name":"Av\u00eds legal - Cel Obert","isPartOf":{"@id":"https:\/\/www.cel-obert.org\/#website"},"datePublished":"2022-09-16T10:54:26+00:00","dateModified":"2023-02-02T10:28:23+00:00","inLanguage":"es","potentialAction":[{"@type":"ReadAction","target":["https:\/\/www.cel-obert.org\/avis-legal\/"]}]},{"@type":"WebSite","@id":"https:\/\/www.cel-obert.org\/#website","url":"https:\/\/www.cel-obert.org\/","name":"Cel Obert","description":"Associaci\u00f3 d&#039;Ajuda Social dedicada al Acolliment Familiar","publisher":{"@id":"https:\/\/www.cel-obert.org\/#organization"},"potentialAction":[{"@type":"SearchAction","target":{"@type":"EntryPoint","urlTemplate":"https:\/\/www.cel-obert.org\/?s={search_term_string}"},"query-input":"required name=search_term_string"}],"inLanguage":"es"},{"@type":"Organization","@id":"https:\/\/www.cel-obert.org\/#organization","name":"Cel Obert - Associaci\u00f3 d'Ajuda Social","url":"https:\/\/www.cel-obert.org\/","logo":{"@type":"ImageObject","inLanguage":"es","@id":"https:\/\/www.cel-obert.org\/#\/schema\/logo\/image\/","url":"https:\/\/www.cel-obert.org\/wp-content\/uploads\/2022\/11\/cropped-cropped-Logo_CelObert_358e9d-1.png","contentUrl":"https:\/\/www.cel-obert.org\/wp-content\/uploads\/2022\/11\/cropped-cropped-Logo_CelObert_358e9d-1.png","width":200,"height":88,"caption":"Cel Obert - Associaci\u00f3 d'Ajuda Social"},"image":{"@id":"https:\/\/www.cel-obert.org\/#\/schema\/logo\/image\/"},"sameAs":["https:\/\/www.instagram.com\/celobert.barcelona\/"]}]}},"_links":{"self":[{"href":"https:\/\/www.cel-obert.org\/es\/wp-json\/wp\/v2\/pages\/945"}],"collection":[{"href":"https:\/\/www.cel-obert.org\/es\/wp-json\/wp\/v2\/pages"}],"about":[{"href":"https:\/\/www.cel-obert.org\/es\/wp-json\/wp\/v2\/types\/page"}],"author":[{"embeddable":true,"href":"https:\/\/www.cel-obert.org\/es\/wp-json\/wp\/v2\/users\/1"}],"replies":[{"embeddable":true,"href":"https:\/\/www.cel-obert.org\/es\/wp-json\/wp\/v2\/comments?post=945"}],"version-history":[{"count":41,"href":"https:\/\/www.cel-obert.org\/es\/wp-json\/wp\/v2\/pages\/945\/revisions"}],"predecessor-version":[{"id":2640,"href":"https:\/\/www.cel-obert.org\/es\/wp-json\/wp\/v2\/pages\/945\/revisions\/2640"}],"wp:attachment":[{"href":"https:\/\/www.cel-obert.org\/es\/wp-json\/wp\/v2\/media?parent=945"}],"curies":[{"name":"wp","href":"https:\/\/api.w.org\/{rel}","templated":true}]}}