{"id":251,"date":"2022-06-17T12:52:45","date_gmt":"2022-06-17T10:52:45","guid":{"rendered":"https:\/\/novaweb.cel-obert.org\/?page_id=251"},"modified":"2023-02-02T13:11:25","modified_gmt":"2023-02-02T11:11:25","slug":"que-fem","status":"publish","type":"page","link":"https:\/\/www.cel-obert.org\/es\/que-fem\/","title":{"rendered":"\u00bfQu\u00e9 hacemos?"},"content":{"rendered":"<div data-elementor-type=\"wp-page\" data-elementor-id=\"251\" class=\"elementor elementor-251\">\n\t\t\t\t\t\t\t\t\t<section class=\"elementor-section elementor-top-section elementor-element elementor-element-ea1fe8d elementor-section-boxed elementor-section-height-default elementor-section-height-default\" data-id=\"ea1fe8d\" data-element_type=\"section\">\n\t\t\t\t\t\t<div class=\"elementor-container elementor-column-gap-default\">\n\t\t\t\t\t<div class=\"elementor-column elementor-col-100 elementor-top-column elementor-element elementor-element-8bdf3e4\" data-id=\"8bdf3e4\" data-element_type=\"column\">\n\t\t\t<div class=\"elementor-widget-wrap elementor-element-populated\">\n\t\t\t\t\t\t\t\t<div class=\"elementor-element elementor-element-d6d3038 elementor-widget elementor-widget-heading\" data-id=\"d6d3038\" data-element_type=\"widget\" data-widget_type=\"heading.default\">\n\t\t\t\t<div class=\"elementor-widget-container\">\n\t\t\t<style>\/*! elementor - v3.11.1 - 15-02-2023 *\/\n.elementor-heading-title{padding:0;margin:0;line-height:1}.elementor-widget-heading .elementor-heading-title[class*=elementor-size-]>a{color:inherit;font-size:inherit;line-height:inherit}.elementor-widget-heading .elementor-heading-title.elementor-size-small{font-size:15px}.elementor-widget-heading .elementor-heading-title.elementor-size-medium{font-size:19px}.elementor-widget-heading .elementor-heading-title.elementor-size-large{font-size:29px}.elementor-widget-heading .elementor-heading-title.elementor-size-xl{font-size:39px}.elementor-widget-heading .elementor-heading-title.elementor-size-xxl{font-size:59px}<\/style><h2 class=\"elementor-heading-title elementor-size-large\">\"El objetivo del acogimiento familiar es que las familias de acogida ofrezcan un entorno familiar de afecto, comprensi\u00f3n y atenci\u00f3n primordial en la construcci\u00f3n de la identidad de los ni\u00f1os\/as y de su desarrollo emocional, en su autoconcepto y su autoestima\"<\/h2>\t\t<\/div>\n\t\t\t\t<\/div>\n\t\t\t\t\t<\/div>\n\t\t<\/div>\n\t\t\t\t\t\t\t<\/div>\n\t\t<\/section>\n\t\t\t\t<section class=\"elementor-section elementor-top-section elementor-element elementor-element-4607a2d elementor-section-height-min-height elementor-section-full_width elementor-section-height-default elementor-section-items-middle\" data-id=\"4607a2d\" data-element_type=\"section\">\n\t\t\t\t\t\t<div class=\"elementor-container elementor-column-gap-default\">\n\t\t\t\t\t<div class=\"elementor-column elementor-col-100 elementor-top-column elementor-element elementor-element-8c91992\" data-id=\"8c91992\" data-element_type=\"column\">\n\t\t\t<div class=\"elementor-widget-wrap elementor-element-populated\">\n\t\t\t\t\t\t\t\t<div class=\"elementor-element elementor-element-d3c96c2 elementor-widget elementor-widget-image\" data-id=\"d3c96c2\" data-element_type=\"widget\" data-widget_type=\"image.default\">\n\t\t\t\t<div class=\"elementor-widget-container\">\n\t\t\t<style>\/*! elementor - v3.11.1 - 15-02-2023 *\/\n.elementor-widget-image{text-align:center}.elementor-widget-image a{display:inline-block}.elementor-widget-image a img[src$=\".svg\"]{width:48px}.elementor-widget-image img{vertical-align:middle;display:inline-block}<\/style>\t\t\t\t\t\t\t\t\t\t\t\t<img decoding=\"async\" src=\"https:\/\/www.cel-obert.org\/wp-content\/uploads\/elementor\/thumbs\/aniversari-gran-py8922tnu1e3gzacohp247nafyt4fyntk0ynp3nlbc.png\" title=\"aniversari gran\" alt=\"aniversari gran\" loading=\"lazy\" \/>\t\t\t\t\t\t\t\t\t\t\t\t\t\t\t<\/div>\n\t\t\t\t<\/div>\n\t\t\t\t\t<\/div>\n\t\t<\/div>\n\t\t\t\t\t\t\t<\/div>\n\t\t<\/section>\n\t\t\t\t<section class=\"elementor-section elementor-top-section elementor-element elementor-element-f443307 elementor-section-boxed elementor-section-height-default elementor-section-height-default\" data-id=\"f443307\" data-element_type=\"section\">\n\t\t\t\t\t\t<div class=\"elementor-container elementor-column-gap-default\">\n\t\t\t\t\t<div class=\"elementor-column elementor-col-33 elementor-top-column elementor-element elementor-element-e6d3507\" data-id=\"e6d3507\" data-element_type=\"column\">\n\t\t\t<div class=\"elementor-widget-wrap elementor-element-populated\">\n\t\t\t\t\t\t\t\t<div class=\"elementor-element elementor-element-ffcf65e elementor-widget elementor-widget-heading\" data-id=\"ffcf65e\" data-element_type=\"widget\" data-widget_type=\"heading.default\">\n\t\t\t\t<div class=\"elementor-widget-container\">\n\t\t\t<h2 class=\"elementor-heading-title elementor-size-default\">Acogimientos familiares<\/h2>\t\t<\/div>\n\t\t\t\t<\/div>\n\t\t\t\t<div class=\"elementor-element elementor-element-aa5376f elementor-widget elementor-widget-text-editor\" data-id=\"aa5376f\" data-element_type=\"widget\" data-widget_type=\"text-editor.default\">\n\t\t\t\t<div class=\"elementor-widget-container\">\n\t\t\t<style>\/*! elementor - v3.11.1 - 15-02-2023 *\/\n.elementor-widget-text-editor.elementor-drop-cap-view-stacked .elementor-drop-cap{background-color:#818a91;color:#fff}.elementor-widget-text-editor.elementor-drop-cap-view-framed .elementor-drop-cap{color:#818a91;border:3px solid;background-color:transparent}.elementor-widget-text-editor:not(.elementor-drop-cap-view-default) .elementor-drop-cap{margin-top:8px}.elementor-widget-text-editor:not(.elementor-drop-cap-view-default) .elementor-drop-cap-letter{width:1em;height:1em}.elementor-widget-text-editor .elementor-drop-cap{float:left;text-align:center;line-height:1;font-size:50px}.elementor-widget-text-editor .elementor-drop-cap-letter{display:inline-block}<\/style>\t\t\t\t<h3 style=\"text-align: center;\">Descripci\u00f3n de todas las tipolog\u00edas de acogimiento familiar que se llevan a cabo en la entidad Cel Obert. \u00a0<\/h3>\t\t\t\t\t\t<\/div>\n\t\t\t\t<\/div>\n\t\t\t\t<div class=\"elementor-element elementor-element-b4832f4 elementor-align-center elementor-widget elementor-widget-button\" data-id=\"b4832f4\" data-element_type=\"widget\" data-widget_type=\"button.default\">\n\t\t\t\t<div class=\"elementor-widget-container\">\n\t\t\t\t\t<div class=\"elementor-button-wrapper\">\n\t\t\t<a href=\"https:\/\/www.cel-obert.org\/es\/acolliments-2\/\" target=\"_blank\" class=\"elementor-button-link elementor-button elementor-size-md\" role=\"button\">\n\t\t\t\t\t\t<span class=\"elementor-button-content-wrapper\">\n\t\t\t\t\t\t<span class=\"elementor-button-text\">m\u00e1s informaci\u00f3n<\/span>\n\t\t<\/span>\n\t\t\t\t\t<\/a>\n\t\t<\/div>\n\t\t\t\t<\/div>\n\t\t\t\t<\/div>\n\t\t\t\t\t<\/div>\n\t\t<\/div>\n\t\t\t\t<div class=\"elementor-column elementor-col-33 elementor-top-column elementor-element elementor-element-c661d1a\" data-id=\"c661d1a\" data-element_type=\"column\">\n\t\t\t<div class=\"elementor-widget-wrap elementor-element-populated\">\n\t\t\t\t\t\t\t\t<div class=\"elementor-element elementor-element-1cc146d elementor-widget elementor-widget-heading\" data-id=\"1cc146d\" data-element_type=\"widget\" data-widget_type=\"heading.default\">\n\t\t\t\t<div class=\"elementor-widget-container\">\n\t\t\t<h2 class=\"elementor-heading-title elementor-size-default\">Difusi\u00f3n del acogimiento<\/h2>\t\t<\/div>\n\t\t\t\t<\/div>\n\t\t\t\t<div class=\"elementor-element elementor-element-0918000 elementor-widget elementor-widget-text-editor\" data-id=\"0918000\" data-element_type=\"widget\" data-widget_type=\"text-editor.default\">\n\t\t\t\t<div class=\"elementor-widget-container\">\n\t\t\t\t\t\t\t<h3 style=\"text-align: center;\">Recopilaci\u00f3n de acciones realizadas para sensibilizar en relaci\u00f3n con la medida de Acogimiento Familiar.<\/h3>\t\t\t\t\t\t<\/div>\n\t\t\t\t<\/div>\n\t\t\t\t<div class=\"elementor-element elementor-element-0f46fc8 elementor-align-center elementor-widget elementor-widget-button\" data-id=\"0f46fc8\" data-element_type=\"widget\" data-widget_type=\"button.default\">\n\t\t\t\t<div class=\"elementor-widget-container\">\n\t\t\t\t\t<div class=\"elementor-button-wrapper\">\n\t\t\t<a href=\"https:\/\/www.cel-obert.org\/es\/difussio-de-lacolliment\/\" target=\"_blank\" class=\"elementor-button-link elementor-button elementor-size-md\" role=\"button\">\n\t\t\t\t\t\t<span class=\"elementor-button-content-wrapper\">\n\t\t\t\t\t\t<span class=\"elementor-button-text\">m\u00e1s informaci\u00f3n<\/span>\n\t\t<\/span>\n\t\t\t\t\t<\/a>\n\t\t<\/div>\n\t\t\t\t<\/div>\n\t\t\t\t<\/div>\n\t\t\t\t\t<\/div>\n\t\t<\/div>\n\t\t\t\t<div class=\"elementor-column elementor-col-33 elementor-top-column elementor-element elementor-element-e066355\" data-id=\"e066355\" data-element_type=\"column\">\n\t\t\t<div class=\"elementor-widget-wrap elementor-element-populated\">\n\t\t\t\t\t\t\t\t<div class=\"elementor-element elementor-element-0ec74db elementor-widget elementor-widget-heading\" data-id=\"0ec74db\" data-element_type=\"widget\" data-widget_type=\"heading.default\">\n\t\t\t\t<div class=\"elementor-widget-container\">\n\t\t\t<h2 class=\"elementor-heading-title elementor-size-default\">Colaboraciones universitarias<\/h2>\t\t<\/div>\n\t\t\t\t<\/div>\n\t\t\t\t<div class=\"elementor-element elementor-element-f8ec94e elementor-widget elementor-widget-text-editor\" data-id=\"f8ec94e\" data-element_type=\"widget\" data-widget_type=\"text-editor.default\">\n\t\t\t\t<div class=\"elementor-widget-container\">\n\t\t\t\t\t\t\t<h3 style=\"text-align: center;\">Participaci\u00f3n y vinculaci\u00f3n con diferentes universidades.<\/h3>\t\t\t\t\t\t<\/div>\n\t\t\t\t<\/div>\n\t\t\t\t<div class=\"elementor-element elementor-element-951f696 elementor-align-center elementor-widget elementor-widget-button\" data-id=\"951f696\" data-element_type=\"widget\" data-widget_type=\"button.default\">\n\t\t\t\t<div class=\"elementor-widget-container\">\n\t\t\t\t\t<div class=\"elementor-button-wrapper\">\n\t\t\t<a href=\"https:\/\/www.cel-obert.org\/es\/col%c2%b7laboracions-universitaries\/\" target=\"_blank\" class=\"elementor-button-link elementor-button elementor-size-md\" role=\"button\">\n\t\t\t\t\t\t<span class=\"elementor-button-content-wrapper\">\n\t\t\t\t\t\t<span class=\"elementor-button-text\">m\u00e1s informaci\u00f3n<\/span>\n\t\t<\/span>\n\t\t\t\t\t<\/a>\n\t\t<\/div>\n\t\t\t\t<\/div>\n\t\t\t\t<\/div>\n\t\t\t\t\t<\/div>\n\t\t<\/div>\n\t\t\t\t\t\t\t<\/div>\n\t\t<\/section>\n\t\t\t\t\t\t\t<\/div>","protected":false},"excerpt":{"rendered":"<p>\u201cL\u2019objectiu de l\u2019acolliment \u00e9s que les fam\u00edlies acollidores ofereixin un entorn familiar d\u2019estimaci\u00f3, de comprensi\u00f3 i d&#8217;atenci\u00f3 primordial en la construcci\u00f3 de la identitat dels infants i del seu desenvolupament emocional, en el seu autoconcepte i la seva autoestima&#8221; Acolliments familiars Descripci\u00f3 de totes les tipologies d\u2019acolliment familiar que es duen a terme des de&hellip;&nbsp;<a href=\"https:\/\/www.cel-obert.org\/es\/que-fem\/\" class=\"\" rel=\"bookmark\">Leer m\u00e1s &raquo;<span class=\"screen-reader-text\">\u00bfQu\u00e9 hacemos?<\/span><\/a><\/p>","protected":false},"author":1,"featured_media":0,"parent":0,"menu_order":0,"comment_status":"closed","ping_status":"closed","template":"","meta":{"neve_meta_sidebar":"","neve_meta_container":"","neve_meta_enable_content_width":"","neve_meta_content_width":0,"neve_meta_title_alignment":"","neve_meta_author_avatar":"","neve_post_elements_order":"","neve_meta_disable_header":"","neve_meta_disable_footer":"","neve_meta_disable_title":"","_themeisle_gutenberg_block_has_review":false,"_ti_tpc_template_sync":false,"_ti_tpc_template_id":""},"yoast_head":"<!-- This site is optimized with the Yoast SEO plugin v20.1 - https:\/\/yoast.com\/wordpress\/plugins\/seo\/ -->\n<title>Qu\u00e8 fem? - Cel Obert<\/title>\n<meta name=\"robots\" content=\"index, follow, max-snippet:-1, max-image-preview:large, max-video-preview:-1\" \/>\n<link rel=\"canonical\" href=\"https:\/\/www.cel-obert.org\/es\/que-fem\/\" \/>\n<meta property=\"og:locale\" content=\"es_ES\" \/>\n<meta property=\"og:type\" content=\"article\" \/>\n<meta property=\"og:title\" content=\"Qu\u00e8 fem? - Cel Obert\" \/>\n<meta property=\"og:description\" content=\"\u201cL\u2019objectiu de l\u2019acolliment \u00e9s que les fam\u00edlies acollidores ofereixin un entorn familiar d\u2019estimaci\u00f3, de comprensi\u00f3 i d&#8217;atenci\u00f3 primordial en la construcci\u00f3 de la identitat dels infants i del seu desenvolupament emocional, en el seu autoconcepte i la seva autoestima&#8221; Acolliments familiars Descripci\u00f3 de totes les tipologies d\u2019acolliment familiar que es duen a terme des de&hellip;&nbsp;Leer m\u00e1s &raquo;Qu\u00e8 fem?\" \/>\n<meta property=\"og:url\" content=\"https:\/\/www.cel-obert.org\/es\/que-fem\/\" \/>\n<meta property=\"og:site_name\" content=\"Cel Obert\" \/>\n<meta property=\"article:modified_time\" content=\"2023-02-02T11:11:25+00:00\" \/>\n<meta property=\"og:image\" content=\"https:\/\/www.cel-obert.org\/wp-content\/uploads\/elementor\/thumbs\/aniversari-gran-py8922tnu1e3gzacohp247nafyt4fyntk0ynp3nlbc.png\" \/>\n<meta name=\"twitter:card\" content=\"summary_large_image\" \/>\n<meta name=\"twitter:label1\" content=\"Tiempo de lectura\" \/>\n\t<meta name=\"twitter:data1\" content=\"1 minuto\" \/>\n<script type=\"application\/ld+json\" class=\"yoast-schema-graph\">{\"@context\":\"https:\/\/schema.org\",\"@graph\":[{\"@type\":\"WebPage\",\"@id\":\"https:\/\/www.cel-obert.org\/que-fem\/\",\"url\":\"https:\/\/www.cel-obert.org\/que-fem\/\",\"name\":\"Qu\u00e8 fem? - Cel Obert\",\"isPartOf\":{\"@id\":\"https:\/\/www.cel-obert.org\/#website\"},\"datePublished\":\"2022-06-17T10:52:45+00:00\",\"dateModified\":\"2023-02-02T11:11:25+00:00\",\"inLanguage\":\"es\",\"potentialAction\":[{\"@type\":\"ReadAction\",\"target\":[\"https:\/\/www.cel-obert.org\/que-fem\/\"]}]},{\"@type\":\"WebSite\",\"@id\":\"https:\/\/www.cel-obert.org\/#website\",\"url\":\"https:\/\/www.cel-obert.org\/\",\"name\":\"Cel Obert\",\"description\":\"Associaci\u00f3 d&#039;Ajuda Social dedicada al Acolliment Familiar\",\"publisher\":{\"@id\":\"https:\/\/www.cel-obert.org\/#organization\"},\"potentialAction\":[{\"@type\":\"SearchAction\",\"target\":{\"@type\":\"EntryPoint\",\"urlTemplate\":\"https:\/\/www.cel-obert.org\/?s={search_term_string}\"},\"query-input\":\"required name=search_term_string\"}],\"inLanguage\":\"es\"},{\"@type\":\"Organization\",\"@id\":\"https:\/\/www.cel-obert.org\/#organization\",\"name\":\"Cel Obert - Associaci\u00f3 d'Ajuda Social\",\"url\":\"https:\/\/www.cel-obert.org\/\",\"logo\":{\"@type\":\"ImageObject\",\"inLanguage\":\"es\",\"@id\":\"https:\/\/www.cel-obert.org\/#\/schema\/logo\/image\/\",\"url\":\"https:\/\/www.cel-obert.org\/wp-content\/uploads\/2022\/11\/cropped-cropped-Logo_CelObert_358e9d-1.png\",\"contentUrl\":\"https:\/\/www.cel-obert.org\/wp-content\/uploads\/2022\/11\/cropped-cropped-Logo_CelObert_358e9d-1.png\",\"width\":200,\"height\":88,\"caption\":\"Cel Obert - Associaci\u00f3 d'Ajuda Social\"},\"image\":{\"@id\":\"https:\/\/www.cel-obert.org\/#\/schema\/logo\/image\/\"},\"sameAs\":[\"https:\/\/www.instagram.com\/celobert.barcelona\/\"]}]}<\/script>\n<!-- \/ Yoast SEO plugin. -->","yoast_head_json":{"title":"Qu\u00e8 fem? - Cel Obert","robots":{"index":"index","follow":"follow","max-snippet":"max-snippet:-1","max-image-preview":"max-image-preview:large","max-video-preview":"max-video-preview:-1"},"canonical":"https:\/\/www.cel-obert.org\/es\/que-fem\/","og_locale":"es_ES","og_type":"article","og_title":"Qu\u00e8 fem? - Cel Obert","og_description":"\u201cL\u2019objectiu de l\u2019acolliment \u00e9s que les fam\u00edlies acollidores ofereixin un entorn familiar d\u2019estimaci\u00f3, de comprensi\u00f3 i d&#8217;atenci\u00f3 primordial en la construcci\u00f3 de la identitat dels infants i del seu desenvolupament emocional, en el seu autoconcepte i la seva autoestima&#8221; Acolliments familiars Descripci\u00f3 de totes les tipologies d\u2019acolliment familiar que es duen a terme des de&hellip;&nbsp;Leer m\u00e1s &raquo;Qu\u00e8 fem?","og_url":"https:\/\/www.cel-obert.org\/es\/que-fem\/","og_site_name":"Cel Obert","article_modified_time":"2023-02-02T11:11:25+00:00","og_image":[{"url":"https:\/\/www.cel-obert.org\/wp-content\/uploads\/elementor\/thumbs\/aniversari-gran-py8922tnu1e3gzacohp247nafyt4fyntk0ynp3nlbc.png"}],"twitter_card":"summary_large_image","twitter_misc":{"Tiempo de lectura":"1 minuto"},"schema":{"@context":"https:\/\/schema.org","@graph":[{"@type":"WebPage","@id":"https:\/\/www.cel-obert.org\/que-fem\/","url":"https:\/\/www.cel-obert.org\/que-fem\/","name":"Qu\u00e8 fem? - Cel Obert","isPartOf":{"@id":"https:\/\/www.cel-obert.org\/#website"},"datePublished":"2022-06-17T10:52:45+00:00","dateModified":"2023-02-02T11:11:25+00:00","inLanguage":"es","potentialAction":[{"@type":"ReadAction","target":["https:\/\/www.cel-obert.org\/que-fem\/"]}]},{"@type":"WebSite","@id":"https:\/\/www.cel-obert.org\/#website","url":"https:\/\/www.cel-obert.org\/","name":"Cel Obert","description":"Associaci\u00f3 d&#039;Ajuda Social dedicada al Acolliment Familiar","publisher":{"@id":"https:\/\/www.cel-obert.org\/#organization"},"potentialAction":[{"@type":"SearchAction","target":{"@type":"EntryPoint","urlTemplate":"https:\/\/www.cel-obert.org\/?s={search_term_string}"},"query-input":"required name=search_term_string"}],"inLanguage":"es"},{"@type":"Organization","@id":"https:\/\/www.cel-obert.org\/#organization","name":"Cel Obert - Associaci\u00f3 d'Ajuda Social","url":"https:\/\/www.cel-obert.org\/","logo":{"@type":"ImageObject","inLanguage":"es","@id":"https:\/\/www.cel-obert.org\/#\/schema\/logo\/image\/","url":"https:\/\/www.cel-obert.org\/wp-content\/uploads\/2022\/11\/cropped-cropped-Logo_CelObert_358e9d-1.png","contentUrl":"https:\/\/www.cel-obert.org\/wp-content\/uploads\/2022\/11\/cropped-cropped-Logo_CelObert_358e9d-1.png","width":200,"height":88,"caption":"Cel Obert - Associaci\u00f3 d'Ajuda Social"},"image":{"@id":"https:\/\/www.cel-obert.org\/#\/schema\/logo\/image\/"},"sameAs":["https:\/\/www.instagram.com\/celobert.barcelona\/"]}]}},"_links":{"self":[{"href":"https:\/\/www.cel-obert.org\/es\/wp-json\/wp\/v2\/pages\/251"}],"collection":[{"href":"https:\/\/www.cel-obert.org\/es\/wp-json\/wp\/v2\/pages"}],"about":[{"href":"https:\/\/www.cel-obert.org\/es\/wp-json\/wp\/v2\/types\/page"}],"author":[{"embeddable":true,"href":"https:\/\/www.cel-obert.org\/es\/wp-json\/wp\/v2\/users\/1"}],"replies":[{"embeddable":true,"href":"https:\/\/www.cel-obert.org\/es\/wp-json\/wp\/v2\/comments?post=251"}],"version-history":[{"count":164,"href":"https:\/\/www.cel-obert.org\/es\/wp-json\/wp\/v2\/pages\/251\/revisions"}],"predecessor-version":[{"id":2686,"href":"https:\/\/www.cel-obert.org\/es\/wp-json\/wp\/v2\/pages\/251\/revisions\/2686"}],"wp:attachment":[{"href":"https:\/\/www.cel-obert.org\/es\/wp-json\/wp\/v2\/media?parent=251"}],"curies":[{"name":"wp","href":"https:\/\/api.w.org\/{rel}","templated":true}]}}